{"id":38,"date":"2023-07-16T21:56:11","date_gmt":"2023-07-16T19:56:11","guid":{"rendered":"http:\/\/saxaoul.com\/?page_id=38"},"modified":"2023-07-19T16:49:21","modified_gmt":"2023-07-19T14:49:21","slug":"du-haut-atlas-pour-preparer-le-gobi","status":"publish","type":"page","link":"https:\/\/saxaoul.com\/index.php\/du-haut-atlas-pour-preparer-le-gobi\/","title":{"rendered":"Du haut atlas pour pr\u00e9parer le gobi"},"content":{"rendered":"<p>[et_pb_section fb_built=\u00a0\u00bb1&Prime; _builder_version=\u00a0\u00bb4.2.2&Prime;][et_pb_row column_structure=\u00a0\u00bb1_2,1_2&Prime; _builder_version=\u00a0\u00bb4.2.2&Prime;][et_pb_column type=\u00a0\u00bb1_2&Prime; _builder_version=\u00a0\u00bb4.2.2&Prime;][et_pb_testimonial author=\u00a0\u00bbJean D&rsquo;Ormesson\u00a0\u00bb portrait_url=\u00a0\u00bbhttp:\/\/saxaoul.com\/wp-content\/uploads\/2023\/07\/image.jpg\u00a0\u00bb _builder_version=\u00a0\u00bb4.2.2&Prime; background_color=\u00a0\u00bb#ffffff\u00a0\u00bb]<\/p>\n<p style=\"text-align: justify;\"><em>A la naissance, on monte dans le train et on rencontre nos parents.<\/em><br \/> <em>Et on croit qu\u2019ils voyageront toujours avec nous.<\/em><br \/> <em>Pourtant, \u00e0 une station, nos parents descendront du train,<\/em><br \/> <em>nous laissant seuls continuer le voyage\u2026<\/em><\/p>\n<p>[\/et_pb_testimonial][\/et_pb_column][et_pb_column type=\u00a0\u00bb1_2&Prime; _builder_version=\u00a0\u00bb4.2.2&Prime;][et_pb_image src=\u00a0\u00bbhttp:\/\/saxaoul.com\/wp-content\/uploads\/2023\/07\/2023-07-19_163410-scaled-e1689777830593-227&#215;300.jpg\u00a0\u00bb align=\u00a0\u00bbcenter\u00a0\u00bb _builder_version=\u00a0\u00bb4.2.2&Prime; box_shadow_style=\u00a0\u00bbpreset2&Prime;][\/et_pb_image][et_pb_text _builder_version=\u00a0\u00bb4.2.2&Prime;]<\/p>\n<p style=\"text-align: center;\"><em>Chez Pauline &#8211; Aquarelle &#8211; L\u00e9on &#8211; r\u00e9gion de goulmima 2023<\/em><\/p>\n<p>[\/et_pb_text][\/et_pb_column][\/et_pb_row][et_pb_row _builder_version=\u00a0\u00bb4.2.2&Prime;][et_pb_column type=\u00a0\u00bb4_4&Prime; _builder_version=\u00a0\u00bb4.2.2&Prime;][et_pb_text _builder_version=\u00a0\u00bb4.2.2&Prime;]<\/p>\n<p style=\"text-align: justify;\">Une petite semaine dans le Haut Atlas constituait une excellente fa\u00e7on de voyager simplement tout en d\u00e9couvrant une autre culture, le d\u00e9sert, les \u00e9tendues arides&#8230;et de se pr\u00e9parer \u00e0 arpenter les futurs grands espaces. En naviguant \u00e0 2000 m\u00e8tres d&rsquo;altitude, L\u00e9on et Paul ont pu quitter le tumulte des villes et se baigner dans le silence,\u00a0<\/p>\n<p style=\"text-align: justify;\">Ils ne liront pas ces lignes, mais on remercie Madjid et son papa, Chantal, Moha pour son excellent tajine, Omar pour avoir fait d\u00e9couvrir aux enfants les joies de la libert\u00e9 en moto (sans casque, chut&#8230;) dans les palmeraies du ksar de goulmima, Yousef pour ses visites guid\u00e9es, et Lahrcen pour nous avoir montrer l&rsquo;affleurement secret \u00e0 i<span>chtyosaures..et une pens\u00e9e pour Peloute, le pauvre chat qui n&rsquo;avait pas le droit de dormir \u00e0 l&rsquo;abri..mais qui a trouv\u00e9 le r\u00e9confort dans les bras des enfants.<\/span><\/p>\n<p>[\/et_pb_text][\/et_pb_column][\/et_pb_row][et_pb_row _builder_version=\u00a0\u00bb4.2.2&Prime;][et_pb_column type=\u00a0\u00bb4_4&Prime; _builder_version=\u00a0\u00bb4.2.2&Prime;][et_pb_image src=\u00a0\u00bbhttp:\/\/saxaoul.com\/wp-content\/uploads\/2023\/07\/image00012.jpeg\u00a0\u00bb _builder_version=\u00a0\u00bb4.2.2&Prime; box_shadow_style=\u00a0\u00bbpreset2&Prime; box_shadow_horizontal=\u00a0\u00bb13px\u00a0\u00bb][\/et_pb_image][\/et_pb_column][\/et_pb_row][et_pb_row _builder_version=\u00a0\u00bb4.2.2&Prime;][et_pb_column type=\u00a0\u00bb4_4&Prime; _builder_version=\u00a0\u00bb4.2.2&Prime;][et_pb_text _builder_version=\u00a0\u00bb4.2.2&Prime;]<\/p>\n<p style=\"text-align: justify;\">&#8230;au loin la faille sud-atlasique, petit cours sur la tectonique des plaques et sur la pr\u00e9paration du th\u00e9 \u00e0 la menthe..<\/p>\n<p>[\/et_pb_text][\/et_pb_column][\/et_pb_row][et_pb_row column_structure=\u00a0\u00bb1_2,1_2&Prime; _builder_version=\u00a0\u00bb4.2.2&Prime;][et_pb_column type=\u00a0\u00bb1_2&Prime; _builder_version=\u00a0\u00bb4.2.2&Prime;][et_pb_image src=\u00a0\u00bbhttp:\/\/saxaoul.com\/wp-content\/uploads\/2023\/07\/image00018.jpeg\u00a0\u00bb _builder_version=\u00a0\u00bb4.2.2&Prime; custom_margin=\u00a0\u00bb24px|||||\u00a0\u00bb][\/et_pb_image][\/et_pb_column][et_pb_column type=\u00a0\u00bb1_2&Prime; _builder_version=\u00a0\u00bb4.2.2&Prime;][et_pb_text _builder_version=\u00a0\u00bb4.2.2&Prime; custom_margin=\u00a0\u00bb-5px|||||\u00a0\u00bb hover_enabled=\u00a0\u00bb0&Prime;]<\/p>\n<p style=\"text-align: justify;\">Avec Camille, on avait entendu parl\u00e9 d&rsquo;un filon turonien \u00e0 nodules blancs, une couche riche en fossiles dans la r\u00e9gion de Tadighoust. Et bien nous y avons \u00e9lu domicile! L\u00e9on et Paul ont trouv\u00e9 des ammonites, mais pas de vert\u00e8bres d&rsquo;ichtyosaure&#8230;<\/p>\n<p>[\/et_pb_text][et_pb_button button_url=\u00a0\u00bbhttp:\/\/saxaoul.com\/index.php\/tadighoust\/\u00a0\u00bb button_text=\u00a0\u00bbEncore d&rsquo;autres photos&#8230; cliquez ICI\u00a0\u00bb button_alignment=\u00a0\u00bbcenter\u00a0\u00bb _builder_version=\u00a0\u00bb4.2.2&Prime; custom_button=\u00a0\u00bbon\u00a0\u00bb button_text_size=\u00a0\u00bb35px\u00a0\u00bb button_text_color=\u00a0\u00bb#e09900&Prime; button_border_width=\u00a0\u00bb7px\u00a0\u00bb button_icon=\u00a0\u00bb%%108%%\u00a0\u00bb button_icon_color=\u00a0\u00bb#e09900&Prime; button_icon_placement=\u00a0\u00bbleft\u00a0\u00bb][\/et_pb_button][\/et_pb_column][\/et_pb_row][et_pb_row column_structure=\u00a0\u00bb1_2,1_2&Prime; _builder_version=\u00a0\u00bb4.2.2&Prime;][et_pb_column type=\u00a0\u00bb1_2&Prime; _builder_version=\u00a0\u00bb4.2.2&Prime;][et_pb_image src=\u00a0\u00bbhttp:\/\/saxaoul.com\/wp-content\/uploads\/2023\/07\/image00014.jpeg\u00a0\u00bb _builder_version=\u00a0\u00bb4.2.2&Prime;][\/et_pb_image][\/et_pb_column][et_pb_column type=\u00a0\u00bb1_2&Prime; _builder_version=\u00a0\u00bb4.2.2&Prime;][et_pb_image src=\u00a0\u00bbhttp:\/\/saxaoul.com\/wp-content\/uploads\/2023\/07\/image00013.jpeg\u00a0\u00bb _builder_version=\u00a0\u00bb4.2.2&Prime;][\/et_pb_image][\/et_pb_column][\/et_pb_row][et_pb_row _builder_version=\u00a0\u00bb4.2.2&Prime;][et_pb_column type=\u00a0\u00bb4_4&Prime; _builder_version=\u00a0\u00bb4.2.2&Prime;][et_pb_image src=\u00a0\u00bbhttp:\/\/saxaoul.com\/wp-content\/uploads\/2023\/07\/DSC_0725.jpg\u00a0\u00bb _builder_version=\u00a0\u00bb4.2.2&Prime;][\/et_pb_image][\/et_pb_column][\/et_pb_row][et_pb_row _builder_version=\u00a0\u00bb4.2.2&Prime;][et_pb_column type=\u00a0\u00bb4_4&Prime; _builder_version=\u00a0\u00bb4.2.2&Prime;][et_pb_button button_url=\u00a0\u00bbhttps:\/\/saxaoul.com\/index.php\/tinghir\/\u00a0\u00bb button_text=\u00a0\u00bbEncore d&rsquo;autres photos&#8230; cliquez ICI\u00a0\u00bb button_alignment=\u00a0\u00bbcenter\u00a0\u00bb _builder_version=\u00a0\u00bb4.2.2&Prime; custom_button=\u00a0\u00bbon\u00a0\u00bb button_text_size=\u00a0\u00bb35px\u00a0\u00bb button_text_color=\u00a0\u00bb#e09900&Prime; button_border_width=\u00a0\u00bb7px\u00a0\u00bb button_icon=\u00a0\u00bb%%108%%\u00a0\u00bb button_icon_color=\u00a0\u00bb#e09900&Prime; button_icon_placement=\u00a0\u00bbleft\u00a0\u00bb][\/et_pb_button][et_pb_image src=\u00a0\u00bbhttp:\/\/saxaoul.com\/wp-content\/uploads\/2023\/07\/image00016.jpeg\u00a0\u00bb _builder_version=\u00a0\u00bb4.2.2&Prime;][\/et_pb_image][\/et_pb_column][\/et_pb_row][et_pb_row _builder_version=\u00a0\u00bb4.2.2&Prime;][et_pb_column type=\u00a0\u00bb4_4&Prime; _builder_version=\u00a0\u00bb4.2.2&Prime;][et_pb_image src=\u00a0\u00bbhttp:\/\/saxaoul.com\/wp-content\/uploads\/2023\/07\/image00021-1.jpeg\u00a0\u00bb _builder_version=\u00a0\u00bb4.2.2&Prime;][\/et_pb_image][\/et_pb_column][\/et_pb_row][et_pb_row column_structure=\u00a0\u00bb1_2,1_2&Prime; _builder_version=\u00a0\u00bb4.2.2&Prime; custom_padding=\u00a0\u00bb27px|||||\u00a0\u00bb][et_pb_column type=\u00a0\u00bb1_2&Prime; _builder_version=\u00a0\u00bb4.2.2&Prime;][et_pb_image src=\u00a0\u00bbhttp:\/\/saxaoul.com\/wp-content\/uploads\/2023\/07\/DSC_0720-scaled.jpg\u00a0\u00bb _builder_version=\u00a0\u00bb4.2.2&Prime;][\/et_pb_image][\/et_pb_column][et_pb_column type=\u00a0\u00bb1_2&Prime; _builder_version=\u00a0\u00bb4.2.2&Prime;][et_pb_image src=\u00a0\u00bbhttp:\/\/saxaoul.com\/wp-content\/uploads\/2023\/07\/100_0047.jpg\u00a0\u00bb _builder_version=\u00a0\u00bb4.2.2&Prime; custom_margin=\u00a0\u00bb31px|||||\u00a0\u00bb][\/et_pb_image][\/et_pb_column][\/et_pb_row][et_pb_row _builder_version=\u00a0\u00bb4.2.2&Prime;][et_pb_column type=\u00a0\u00bb4_4&Prime; _builder_version=\u00a0\u00bb4.2.2&Prime;][et_pb_image src=\u00a0\u00bbhttp:\/\/saxaoul.com\/wp-content\/uploads\/2023\/07\/20230228_133232-scaled.jpg\u00a0\u00bb _builder_version=\u00a0\u00bb4.2.2&Prime;][\/et_pb_image][\/et_pb_column][\/et_pb_row][et_pb_row column_structure=\u00a0\u00bb1_2,1_2&Prime; _builder_version=\u00a0\u00bb4.2.2&Prime;][et_pb_column type=\u00a0\u00bb1_2&Prime; _builder_version=\u00a0\u00bb4.2.2&Prime;][et_pb_image src=\u00a0\u00bbhttp:\/\/saxaoul.com\/wp-content\/uploads\/2023\/07\/DSC_0783-scaled.jpg\u00a0\u00bb _builder_version=\u00a0\u00bb4.2.2&Prime;][\/et_pb_image][\/et_pb_column][et_pb_column type=\u00a0\u00bb1_2&Prime; _builder_version=\u00a0\u00bb4.2.2&Prime;][et_pb_image src=\u00a0\u00bbhttp:\/\/saxaoul.com\/wp-content\/uploads\/2023\/07\/DSC_0778-scaled.jpg\u00a0\u00bb _builder_version=\u00a0\u00bb4.2.2&Prime;][\/et_pb_image][\/et_pb_column][\/et_pb_row][et_pb_row _builder_version=\u00a0\u00bb4.2.2&Prime;][et_pb_column type=\u00a0\u00bb4_4&Prime; _builder_version=\u00a0\u00bb4.2.2&Prime;][et_pb_image src=\u00a0\u00bbhttp:\/\/saxaoul.com\/wp-content\/uploads\/2023\/07\/DSC_0769-scaled.jpg\u00a0\u00bb _builder_version=\u00a0\u00bb4.2.2&Prime; box_shadow_style=\u00a0\u00bbpreset2&Prime;][\/et_pb_image][\/et_pb_column][\/et_pb_row][et_pb_row column_structure=\u00a0\u00bb1_2,1_2&Prime; _builder_version=\u00a0\u00bb4.2.2&Prime;][et_pb_column type=\u00a0\u00bb1_2&Prime; _builder_version=\u00a0\u00bb4.2.2&Prime;][et_pb_image src=\u00a0\u00bbhttp:\/\/saxaoul.com\/wp-content\/uploads\/2023\/07\/image00032-scaled.jpeg\u00a0\u00bb _builder_version=\u00a0\u00bb4.2.2&Prime; custom_margin=\u00a0\u00bb||114px|||\u00a0\u00bb][\/et_pb_image][et_pb_image src=\u00a0\u00bbhttp:\/\/saxaoul.com\/wp-content\/uploads\/2023\/07\/DSC_0722-scaled.jpg\u00a0\u00bb _builder_version=\u00a0\u00bb4.2.2&Prime;][\/et_pb_image][\/et_pb_column][et_pb_column type=\u00a0\u00bb1_2&Prime; _builder_version=\u00a0\u00bb4.2.2&Prime;][et_pb_image src=\u00a0\u00bbhttp:\/\/saxaoul.com\/wp-content\/uploads\/2023\/07\/image00009.jpeg\u00a0\u00bb _builder_version=\u00a0\u00bb4.2.2&Prime;][\/et_pb_image][\/et_pb_column][\/et_pb_row][et_pb_row column_structure=\u00a0\u00bb1_2,1_2&Prime; _builder_version=\u00a0\u00bb4.2.2&Prime;][et_pb_column type=\u00a0\u00bb1_2&Prime; _builder_version=\u00a0\u00bb4.2.2&Prime;][et_pb_image src=\u00a0\u00bbhttp:\/\/saxaoul.com\/wp-content\/uploads\/2023\/07\/image00027-scaled.jpeg\u00a0\u00bb _builder_version=\u00a0\u00bb4.2.2&Prime;][\/et_pb_image][\/et_pb_column][et_pb_column type=\u00a0\u00bb1_2&Prime; _builder_version=\u00a0\u00bb4.2.2&Prime;][et_pb_text _builder_version=\u00a0\u00bb4.2.2&Prime; custom_margin=\u00a0\u00bb2px||0px|||\u00a0\u00bb]<\/p>\n<h3 style=\"text-align: justify;\">Trop touristique pour nous mais passage oblig\u00e9, le \u00ab\u00a0<em>d\u00e9sert<\/em>\u00a0\u00bb de Merzouga. Ces dunes qui s&rsquo;\u00e9tendent sur une centaine de km2 \u00e9taient un excellent terrain de jeu et un premier contact avec les dromadaires \ud83d\ude09<\/h3>\n<p>[\/et_pb_text][et_pb_image src=\u00a0\u00bbhttp:\/\/saxaoul.com\/wp-content\/uploads\/2023\/07\/image00026-1-scaled.jpeg\u00a0\u00bb _builder_version=\u00a0\u00bb4.2.2&Prime;][\/et_pb_image][et_pb_button button_url=\u00a0\u00bbhttp:\/\/saxaoul.com\/index.php\/merzouga\/\u00a0\u00bb button_text=\u00a0\u00bbEncore d&rsquo;autres photos&#8230; cliquez ICI\u00a0\u00bb button_alignment=\u00a0\u00bbcenter\u00a0\u00bb _builder_version=\u00a0\u00bb4.2.2&Prime; custom_button=\u00a0\u00bbon\u00a0\u00bb button_text_size=\u00a0\u00bb35px\u00a0\u00bb button_text_color=\u00a0\u00bb#e09900&Prime; button_border_width=\u00a0\u00bb7px\u00a0\u00bb button_icon=\u00a0\u00bb%%108%%\u00a0\u00bb button_icon_color=\u00a0\u00bb#e09900&Prime; button_icon_placement=\u00a0\u00bbleft\u00a0\u00bb][\/et_pb_button][\/et_pb_column][\/et_pb_row][et_pb_row _builder_version=\u00a0\u00bb4.2.2&Prime;][et_pb_column type=\u00a0\u00bb4_4&Prime; _builder_version=\u00a0\u00bb4.2.2&Prime;][et_pb_image src=\u00a0\u00bbhttp:\/\/saxaoul.com\/wp-content\/uploads\/2023\/07\/image00031-scaled.jpeg\u00a0\u00bb _builder_version=\u00a0\u00bb4.2.2&Prime;][\/et_pb_image][et_pb_image src=\u00a0\u00bbhttp:\/\/saxaoul.com\/wp-content\/uploads\/2023\/07\/image00023-1.jpeg\u00a0\u00bb _builder_version=\u00a0\u00bb4.2.2&Prime;][\/et_pb_image][\/et_pb_column][\/et_pb_row][et_pb_row _builder_version=\u00a0\u00bb4.2.2&Prime;][et_pb_column type=\u00a0\u00bb4_4&Prime; _builder_version=\u00a0\u00bb4.2.2&Prime;][et_pb_image src=\u00a0\u00bbhttp:\/\/saxaoul.com\/wp-content\/uploads\/2023\/07\/image00030-scaled.jpeg\u00a0\u00bb _builder_version=\u00a0\u00bb4.2.2&Prime;][\/et_pb_image][\/et_pb_column][\/et_pb_row][et_pb_row _builder_version=\u00a0\u00bb4.2.2&Prime;][et_pb_column type=\u00a0\u00bb4_4&Prime; _builder_version=\u00a0\u00bb4.2.2&Prime;][et_pb_image src=\u00a0\u00bbhttp:\/\/saxaoul.com\/wp-content\/uploads\/2023\/07\/image00029-scaled.jpeg\u00a0\u00bb _builder_version=\u00a0\u00bb4.2.2&Prime;][\/et_pb_image][\/et_pb_column][\/et_pb_row][\/et_pb_section]<\/p>\n","protected":false},"excerpt":{"rendered":"<p>[et_pb_section fb_built=\u00a0\u00bb1&Prime; _builder_version=\u00a0\u00bb4.2.2&Prime;][et_pb_row column_structure=\u00a0\u00bb1_2,1_2&Prime; _builder_version=\u00a0\u00bb4.2.2&Prime;][et_pb_column type=\u00a0\u00bb1_2&Prime; _builder_version=\u00a0\u00bb4.2.2&Prime;][et_pb_testimonial author=\u00a0\u00bbJean D&rsquo;Ormesson\u00a0\u00bb portrait_url=\u00a0\u00bbhttp:\/\/saxaoul.com\/wp-content\/uploads\/2023\/07\/image.jpg\u00a0\u00bb _builder_version=\u00a0\u00bb4.2.2&Prime; background_color=\u00a0\u00bb#ffffff\u00a0\u00bb] A la naissance, on monte dans le train et on rencontre nos parents. Et on croit qu\u2019ils voyageront toujours avec nous. Pourtant, \u00e0 une station, nos parents descendront du train, nous laissant seuls continuer le voyage\u2026 [\/et_pb_testimonial][\/et_pb_column][et_pb_column type=\u00a0\u00bb1_2&Prime; _builder_version=\u00a0\u00bb4.2.2&Prime;][et_pb_image src=\u00a0\u00bbhttp:\/\/saxaoul.com\/wp-content\/uploads\/2023\/07\/2023-07-19_163410-scaled-e1689777830593-227&#215;300.jpg\u00a0\u00bb align=\u00a0\u00bbcenter\u00a0\u00bb _builder_version=\u00a0\u00bb4.2.2&Prime; box_shadow_style=\u00a0\u00bbpreset2&Prime;][\/et_pb_image][et_pb_text [&hellip;]<\/p>\n","protected":false},"author":1,"featured_media":0,"parent":0,"menu_order":0,"comment_status":"closed","ping_status":"closed","template":"","meta":{"_et_pb_use_builder":"on","_et_pb_old_content":"","_et_gb_content_width":"1080","footnotes":""},"class_list":["post-38","page","type-page","status-publish","hentry"],"_links":{"self":[{"href":"https:\/\/saxaoul.com\/index.php\/wp-json\/wp\/v2\/pages\/38","targetHints":{"allow":["GET"]}}],"collection":[{"href":"https:\/\/saxaoul.com\/index.php\/wp-json\/wp\/v2\/pages"}],"about":[{"href":"https:\/\/saxaoul.com\/index.php\/wp-json\/wp\/v2\/types\/page"}],"author":[{"embeddable":true,"href":"https:\/\/saxaoul.com\/index.php\/wp-json\/wp\/v2\/users\/1"}],"replies":[{"embeddable":true,"href":"https:\/\/saxaoul.com\/index.php\/wp-json\/wp\/v2\/comments?post=38"}],"version-history":[{"count":40,"href":"https:\/\/saxaoul.com\/index.php\/wp-json\/wp\/v2\/pages\/38\/revisions"}],"predecessor-version":[{"id":213,"href":"https:\/\/saxaoul.com\/index.php\/wp-json\/wp\/v2\/pages\/38\/revisions\/213"}],"wp:attachment":[{"href":"https:\/\/saxaoul.com\/index.php\/wp-json\/wp\/v2\/media?parent=38"}],"curies":[{"name":"wp","href":"https:\/\/api.w.org\/{rel}","templated":true}]}}